{"id":62,"date":"2020-07-29T15:40:46","date_gmt":"2020-07-29T13:40:46","guid":{"rendered":"https:\/\/your-business-coaching.eu\/?page_id=62"},"modified":"2026-03-29T18:11:24","modified_gmt":"2026-03-29T16:11:24","slug":"nutzungsbedingungen","status":"publish","type":"page","link":"https:\/\/your-business-coaching.eu\/en\/nutzungsbedingungen\/","title":{"rendered":"AGB\u00b4s"},"content":{"rendered":"<div data-elementor-type=\"wp-page\" data-elementor-id=\"62\" class=\"elementor elementor-62\" data-elementor-post-type=\"page\">\n\t\t\t\t<div class=\"elementor-element elementor-element-4e41736b e-flex e-con-boxed e-con e-parent\" data-id=\"4e41736b\" data-element_type=\"container\" data-e-type=\"container\">\n\t\t\t\t\t<div class=\"e-con-inner\">\n\t\t\t\t<div class=\"elementor-element elementor-element-9cbb087 elementor-widget elementor-widget-heading\" data-id=\"9cbb087\" data-element_type=\"widget\" data-e-type=\"widget\" data-widget_type=\"heading.default\">\n\t\t\t\t<div class=\"elementor-widget-container\">\n\t\t\t\t\t<h2 class=\"elementor-heading-title elementor-size-default\">Nutzungsbedingungen f\u00fcr Mitglieder des YBC-Bildungsvereins<\/h2>\t\t\t\t<\/div>\n\t\t\t\t<\/div>\n\t\t\t\t<div class=\"elementor-element elementor-element-46f0a1ab elementor-widget elementor-widget-text-editor\" data-id=\"46f0a1ab\" data-element_type=\"widget\" data-e-type=\"widget\" data-widget_type=\"text-editor.default\">\n\t\t\t\t<div class=\"elementor-widget-container\">\n\t\t\t\t\t\t\t\t\t<h2 data-section-id=\"1yhkycd\" data-start=\"339\" data-end=\"360\">1. Geltungsbereich<\/h2><p data-start=\"362\" data-end=\"505\">Diese Nutzungsbedingungen regeln die Nutzung der im Rahmen des YBC Bildungsvereins bereitgestellten Inhalte, Strukturen und digitalen Angebote. Sie gelten f\u00fcr alle Mitglieder, die die YBC Akademie sowie die damit verbundenen Bereiche nutzen.<\/p><hr data-start=\"606\" data-end=\"609\" \/><h2 data-section-id=\"m7e9lq\" data-start=\"611\" data-end=\"642\">2. Mitgliedschaft und Zugang<\/h2><p data-start=\"644\" data-end=\"762\">Die Nutzung der bereitgestellten Inhalte und Strukturen setzt eine aktive Mitgliedschaft im YBC Bildungsverein voraus. Mit der Mitgliedschaft wird der bestehende Zugang zur YBC Akademie um zus\u00e4tzliche Bereiche erweitert, die im Rahmen der Mitgliedschaft zur Verf\u00fcgung stehen. Ein Anspruch auf Aufnahme in den Verein besteht nicht.<\/p><h2 data-section-id=\"660fvc\" data-start=\"983\" data-end=\"1006\">3. Zweck der Inhalte<\/h2><p data-start=\"1008\" data-end=\"1132\">Die im Verein bereitgestellten Inhalte dienen der Weiterbildung, Orientierung und Unterst\u00fctzung im Rahmen des Vereinszwecks. Es handelt sich dabei nicht um individuell zugeschnittene Beratungs- oder Dienstleistungen. Die Inhalte basieren auf Erfahrungswerten und dienen der allgemeinen Unterst\u00fctzung im unternehmerischen Alltag.<\/p><h2 data-section-id=\"dp0j1q\" data-start=\"1345\" data-end=\"1372\">4. Nutzung der Plattform<\/h2><p data-start=\"1374\" data-end=\"1495\">Die Inhalte der YBC Akademie stehen Mitgliedern zur pers\u00f6nlichen Nutzung im Rahmen ihrer eigenen T\u00e4tigkeit zur Verf\u00fcgung. Eine Weitergabe, Vervielf\u00e4ltigung oder \u00f6ffentliche Zug\u00e4nglichmachung der Inhalte \u2013 auch auszugsweise \u2013 ist ohne ausdr\u00fcckliche Zustimmung des Vereins nicht gestattet.<\/p><h2 data-section-id=\"j6hpb7\" data-start=\"1669\" data-end=\"1713\">5. Verf\u00fcgbarkeit und technische Umsetzung<\/h2><p data-start=\"1715\" data-end=\"1843\">Der Verein ist bem\u00fcht, die Plattform sowie die bereitgestellten Inhalte m\u00f6glichst dauerhaft und stabil zur Verf\u00fcgung zu stellen. Es kann jedoch keine Gew\u00e4hr f\u00fcr eine jederzeitige Verf\u00fcgbarkeit \u00fcbernommen werden. Technische Wartungen, Weiterentwicklungen oder kurzfristige Einschr\u00e4nkungen sind m\u00f6glich.<\/p><h2 data-section-id=\"jkxxcs\" data-start=\"2025\" data-end=\"2060\">6. Weiterentwicklung der Inhalte<\/h2><p data-start=\"2062\" data-end=\"2182\">Die Inhalte, Strukturen und Angebote innerhalb der YBC Akademie werden laufend weiterentwickelt, angepasst oder erg\u00e4nzt. Ein Anspruch auf bestimmte Inhalte oder einen unver\u00e4nderten Bestand besteht nicht.<\/p><h2 data-section-id=\"w8bdzs\" data-start=\"2273\" data-end=\"2319\">7. Mitgliedsbeitr\u00e4ge und Zahlungsabwicklung<\/h2><p data-start=\"2321\" data-end=\"2456\">Die Mitgliedsbeitr\u00e4ge dienen der gemeinsamen Finanzierung, dem Betrieb und der Weiterentwicklung der im Verein genutzten Infrastruktur. Die Abwicklung der Mitgliedsbeitr\u00e4ge erfolgt \u00fcber den externen Zahlungsanbieter Digistore24. Die Abrechnung erfolgt entsprechend den dort hinterlegten Zahlungsmodalit\u00e4ten.<\/p><h2 data-section-id=\"1at0klz\" data-start=\"2637\" data-end=\"2671\">8. K\u00fcndigung der Mitgliedschaft<\/h2><p data-start=\"2673\" data-end=\"2752\">Die K\u00fcndigung der Mitgliedschaft richtet sich nach der gew\u00e4hlten Zahlungsweise:<\/p><ul data-start=\"2754\" data-end=\"2916\"><li data-section-id=\"1cojsg0\" data-start=\"2754\" data-end=\"2822\">Bei monatlicher Zahlung ist die Mitgliedschaft monatlich k\u00fcndbar<\/li><li data-section-id=\"1ce4a5\" data-start=\"2823\" data-end=\"2916\">Bei j\u00e4hrlicher Zahlung erfolgt die K\u00fcndigung zum Ende des jeweiligen Abrechnungszeitraums<\/li><\/ul><p data-start=\"2918\" data-end=\"3020\">Die K\u00fcndigung erfolgt \u00fcber den jeweiligen Zahlungsanbieter oder gem\u00e4\u00df den dort vorgesehenen Prozessen.<\/p><h2 data-section-id=\"1wzp07p\" data-start=\"3027\" data-end=\"3040\">9. Haftung<\/h2><p data-start=\"3042\" data-end=\"3111\">Die Nutzung der bereitgestellten Inhalte erfolgt eigenverantwortlich. Der Verein \u00fcbernimmt keine Haftung f\u00fcr wirtschaftliche, pers\u00f6nliche oder sonstige Ergebnisse, die aus der Nutzung der Inhalte entstehen.<\/p><h2 data-section-id=\"14gi6xh\" data-start=\"3256\" data-end=\"3282\">10. Schlussbestimmungen<\/h2><p data-start=\"3284\" data-end=\"3342\">Es gelten die jeweils aktuellen gesetzlichen Bestimmungen. Sollten einzelne Bestimmungen dieser Nutzungsbedingungen unwirksam sein oder werden, bleibt die Wirksamkeit der \u00fcbrigen Bestimmungen unber\u00fchrt.<\/p>\t\t\t\t\t\t\t\t<\/div>\n\t\t\t\t<\/div>\n\t\t\t\t\t<\/div>\n\t\t\t\t<\/div>\n\t\t\t\t<\/div>","protected":false},"excerpt":{"rendered":"<p>Nutzungsbedingungen f\u00fcr Mitglieder des YBC-Bildungsvereins 1. Geltungsbereich Diese Nutzungsbedingungen regeln die Nutzung der im Rahmen des YBC Bildungsvereins bereitgestellten Inhalte, Strukturen und digitalen Angebote. Sie&hellip;<\/p>","protected":false},"author":2,"featured_media":71,"parent":0,"menu_order":0,"comment_status":"closed","ping_status":"closed","template":"","meta":{"footnotes":""},"class_list":["post-62","page","type-page","status-publish","has-post-thumbnail","hentry"],"_links":{"self":[{"href":"https:\/\/your-business-coaching.eu\/en\/wp-json\/wp\/v2\/pages\/62","targetHints":{"allow":["GET"]}}],"collection":[{"href":"https:\/\/your-business-coaching.eu\/en\/wp-json\/wp\/v2\/pages"}],"about":[{"href":"https:\/\/your-business-coaching.eu\/en\/wp-json\/wp\/v2\/types\/page"}],"author":[{"embeddable":true,"href":"https:\/\/your-business-coaching.eu\/en\/wp-json\/wp\/v2\/users\/2"}],"replies":[{"embeddable":true,"href":"https:\/\/your-business-coaching.eu\/en\/wp-json\/wp\/v2\/comments?post=62"}],"version-history":[{"count":0,"href":"https:\/\/your-business-coaching.eu\/en\/wp-json\/wp\/v2\/pages\/62\/revisions"}],"wp:featuredmedia":[{"embeddable":true,"href":"https:\/\/your-business-coaching.eu\/en\/wp-json\/wp\/v2\/media\/71"}],"wp:attachment":[{"href":"https:\/\/your-business-coaching.eu\/en\/wp-json\/wp\/v2\/media?parent=62"}],"curies":[{"name":"wp","href":"https:\/\/api.w.org\/{rel}","templated":true}]}}