{"id":7628,"date":"2024-09-26T16:40:16","date_gmt":"2024-09-26T14:40:16","guid":{"rendered":"https:\/\/your-business-coaching.eu\/?page_id=7628"},"modified":"2024-09-26T19:43:05","modified_gmt":"2024-09-26T17:43:05","slug":"testseite","status":"publish","type":"page","link":"https:\/\/your-business-coaching.eu\/en\/testseite\/","title":{"rendered":"Testseite"},"content":{"rendered":"\t\t<div data-elementor-type=\"wp-page\" data-elementor-id=\"7628\" class=\"elementor elementor-7628\" data-elementor-post-type=\"page\">\n\t\t\t\t<div class=\"elementor-element elementor-element-1e73658 e-flex e-con-boxed e-con e-parent\" data-id=\"1e73658\" data-element_type=\"container\" data-e-type=\"container\">\n\t\t\t\t\t<div class=\"e-con-inner\">\n\t\t\t\t<div class=\"elementor-element elementor-element-abf6a5d elementor-widget elementor-widget-html\" data-id=\"abf6a5d\" data-element_type=\"widget\" data-e-type=\"widget\" data-widget_type=\"html.default\">\n\t\t\t\t<div class=\"elementor-widget-container\">\n\t\t\t\t\t<!DOCTYPE html>\n<html lang=\"de\">\n<head>\n    <meta charset=\"UTF-8\">\n    <meta name=\"viewport\" content=\"width=device-width, initial-scale=1.0\">\n    <title>Fragebogen Ergebnis<\/title>\n    <script src=\"https:\/\/cdn.jsdelivr.net\/npm\/chart.js\"><\/script>\n    <style>\n        body {\n            font-family: 'Lato', sans-serif;\n            margin: 20px;\n        }\n        h2 {\n            color: #C6B5A0;\n            font-size: 24px;\n            font-weight: bold;\n            margin-bottom: 10px;\n        }\n        .input-group input[type=\"text\"], \n        .input-group input[type=\"number\"] {\n            width: 300px;\n            height: 30px;\n            padding: 5px 10px;\n            border: 1px solid #ccc;\n            border-radius: 4px;\n            background-color: #f0f0f0;\n        }\n        .checkbox-group {\n            display: flex;\n            flex-direction: column;\n            margin-bottom: 20px;\n        }\n        button {\n            margin-top: 20px;\n            padding: 10px 20px;\n            font-size: 16px;\n            background-color: #C6B5A0;\n            color: white;\n            border: none;\n            border-radius: 4px;\n            cursor: pointer;\n        }\n        button:hover {\n            background-color: #b09c8a;\n        }\n        #chart-container {\n            width: 100%;\n            max-width: 600px;\n            margin: 20px auto;\n            display: none;\n        }\n    <\/style>\n<\/head>\n<body>\n\n<!-- Reset-Button oben -->\n<button id=\"global-reset-btn\" type=\"button\" onclick=\"resetForm()\">Formular zur\u00fccksetzen<\/button>\n\n<!-- Pers\u00f6nliche Angaben -->\n<h2>Pers\u00f6nliche Angaben<\/h2>\n<form id=\"questionnaire-form\">\n    <div class=\"input-group\">\n        <label for=\"name\">Name:<\/label>\n        <input type=\"text\" id=\"name\" placeholder=\"Dein Name\">\n    <\/div>\n\n    <div class=\"input-group\">\n        <label for=\"age\">Alter:<\/label>\n        <input type=\"number\" id=\"age\" placeholder=\"Dein Alter\">\n    <\/div>\n\n\n\n    \n<!-- Raucher -->\n<h2>Raucher<\/h2>\n<div class=\"checkbox-group\">\n    <label><input type=\"radio\" name=\"smoker\" value=\"Ja\"> Ja<\/label>\n    <label><input type=\"radio\" name=\"smoker\" value=\"Nein\"> Nein<\/label>\n<\/div>\n\n<h2>Ern\u00e4hrung<\/h2>\n<div class=\"checkbox-group\">\n    <label><input type=\"radio\" name=\"diet\" value=\"Mischkost\"> Mischkost<\/label>\n    <label><input type=\"radio\" name=\"diet\" value=\"Vegetarier\"> Vegetarier<\/label>\n    <label><input type=\"radio\" name=\"diet\" value=\"Veganer\"> Veganer<\/label>\n    <label><input type=\"radio\" name=\"diet\" value=\"Andere\"> Andere Formen<\/label>\n<\/div>\n\n<!-- Bewegungsgewohnheiten -->\n<h2>Bewegungsgewohnheiten<\/h2>\n<div class=\"checkbox-group\">\n    <label><input type=\"radio\" name=\"exercise\" value=\"Selten\"> Selten (weniger als 1x\/Woche)<\/label>\n    <label><input type=\"radio\" name=\"exercise\" value=\"Gelegentlich\"> Gelegentlich (1-2x\/Woche)<\/label>\n    <label><input type=\"radio\" name=\"exercise\" value=\"Regelm\u00e4\u00dfig\"> Regelm\u00e4\u00dfig (3-4x\/Woche)<\/label>\n    <label><input type=\"radio\" name=\"exercise\" value=\"Sehr oft\"> Sehr oft (5-7x\/Woche)<\/label>\n    <label><input type=\"radio\" name=\"exercise\" value=\"Intensiv\"> Intensives Training (t\u00e4glich)<\/label>\n<\/div>\n\n<h2>Stresslevel<\/h2>\n<div class=\"checkbox-group\">\n    <label><input type=\"radio\" name=\"stress\" value=\"Sehr niedrig\"> Sehr niedrig<\/label>\n    <label><input type=\"radio\" name=\"stress\" value=\"Niedrig\"> Niedrig<\/label>\n    <label><input type=\"radio\" name=\"stress\" value=\"Mittel\"> Mittel<\/label>\n    <label><input type=\"radio\" name=\"stress\" value=\"Hoch\"> Hoch<\/label>\n    <label><input type=\"radio\" name=\"stress\" value=\"Sehr hoch\"> Sehr hoch<\/label>\n<\/div>\n\n\n<!-- Kategorie: Geistige Fitness \u2013 Konzentration -->\n<h2>Geistige Fitness \u2013 Konzentration<\/h2>\n<div class=\"checkbox-group\">\n    <label><input type=\"checkbox\" name=\"q1\" value=\"1\" class=\"checkbox\"> Ist Deine Konzentration schlechter als fr\u00fcher?<\/label>\n    <label><input type=\"checkbox\" name=\"q2\" value=\"1\" class=\"checkbox\"> F\u00fchlst Du Dich nach einem langen Arbeitstag leer und kraftlos?<\/label>\n    <label><input type=\"checkbox\" name=\"q3\" value=\"1\" class=\"checkbox\"> Hast Du h\u00e4ufig Kopfschmerzen oder Verspannungen?<\/label>\n    <label><input type=\"checkbox\" name=\"q4\" value=\"1\" class=\"checkbox\"> Neigst Du zu einer inneren Unruhe?<\/label>\n    <label><input type=\"checkbox\" name=\"q5\" value=\"1\" class=\"checkbox\"> F\u00e4llt es Dir schwer abzuschalten und zu entspannen?<\/label>\n    <label><input type=\"checkbox\" name=\"q6\" value=\"1\" class=\"checkbox\"> Stehst Du im Alltag unter hohem Zeitdruck?<\/label>\n    <label><input type=\"checkbox\" name=\"q7\" value=\"1\" class=\"checkbox\"> Hast Du einen erh\u00f6hten Blutdruck oder einen hohen Puls?<\/label>\n    <label><input type=\"checkbox\" name=\"q8\" value=\"1\" class=\"checkbox\"> F\u00e4llt es Dir schwer, der Handlung eines Buches zu folgen?<\/label>\n    <label><input type=\"checkbox\" name=\"q9\" value=\"1\" class=\"checkbox\"> Hast Du Verspannungen im Nacken- und Schulterbereich?<\/label>\n    <label><input type=\"checkbox\" name=\"q10\" value=\"1\" class=\"checkbox\"> Sp\u00fcrst Du aufgrund der Belastung k\u00f6rperliche Auswirkungen wie Allergien?<\/label>\n<\/div>\n\n\n  <!-- Kategorie: Darmgesundheit -->\n<h2>Darmgesundheit<\/h2>\n<div class=\"checkbox-group\">\n    <label><input type=\"checkbox\" name=\"q11\" value=\"1\" class=\"checkbox\"> Hast Du h\u00e4ufig Bl\u00e4hungen oder einen Bl\u00e4hbauch?<\/label>\n    <label><input type=\"checkbox\" name=\"q12\" value=\"1\" class=\"checkbox\"> Hast Du manchmal Verstopfung?<\/label>\n    <label><input type=\"checkbox\" name=\"q13\" value=\"1\" class=\"checkbox\"> Verwendest Du regelm\u00e4\u00dfig Abf\u00fchrmittel?<\/label>\n    <label><input type=\"checkbox\" name=\"q14\" value=\"1\" class=\"checkbox\"> Hast Du nach dem Essen oft ein V\u00f6llegef\u00fchl?<\/label>\n    <label><input type=\"checkbox\" name=\"q15\" value=\"1\" class=\"checkbox\"> Hast Du manchmal Sodbrennen oder \u00dcbelkeit?<\/label>\n    <label><input type=\"checkbox\" name=\"q16\" value=\"1\" class=\"checkbox\"> Hast Du Lebensmittelunvertr\u00e4glichkeiten (z.B. Gluten, Laktose)?<\/label>\n    <label><input type=\"checkbox\" name=\"q17\" value=\"1\" class=\"checkbox\"> Nimmst Du regelm\u00e4\u00dfig Medikamente (z.B. Antibiotika)?<\/label>\n    <label><input type=\"checkbox\" name=\"q18\" value=\"1\" class=\"checkbox\"> Leidest Du unter V\u00f6llegef\u00fchl nach Mahlzeiten?<\/label>\n    <label><input type=\"checkbox\" name=\"q19\" value=\"1\" class=\"checkbox\"> Hast Du manchmal Durchfall?<\/label>\n    <label><input type=\"checkbox\" name=\"q20\" value=\"1\" class=\"checkbox\"> Hast Du hin und wieder Magenbeschwerden?<\/label>\n<\/div>\n\n<!-- Kategorie: Muskeln, Gelenke, Knochen -->\n<h2>Muskeln, Gelenke, Knochen<\/h2>\n<div class=\"checkbox-group\">\n    <label><input type=\"checkbox\" name=\"q21\" value=\"1\" class=\"checkbox\"> Knirschen Deine Nackenwirbel bei Bewegung?<\/label>\n    <label><input type=\"checkbox\" name=\"q22\" value=\"1\" class=\"checkbox\"> Sind Deine Muskeln und Sehnen oft verk\u00fcrzt?<\/label>\n    <label><input type=\"checkbox\" name=\"q23\" value=\"1\" class=\"checkbox\"> F\u00e4llt es Dir schwer, Dich zu b\u00fccken?<\/label>\n    <label><input type=\"checkbox\" name=\"q24\" value=\"1\" class=\"checkbox\"> F\u00fchlst Du Dich nach l\u00e4ngerem Sitzen steif?<\/label>\n    <label><input type=\"checkbox\" name=\"q25\" value=\"1\" class=\"checkbox\"> Leidest Du h\u00e4ufig unter Muskelentz\u00fcndungen?<\/label>\n    <label><input type=\"checkbox\" name=\"q26\" value=\"1\" class=\"checkbox\"> Hast Du Schmerzen in den Gelenken oder Bandscheiben?<\/label>\n    <label><input type=\"checkbox\" name=\"q27\" value=\"1\" class=\"checkbox\"> Hast Du abends oder nachts Schmerzen in den Beinen?<\/label>\n    <label><input type=\"checkbox\" name=\"q28\" value=\"1\" class=\"checkbox\"> Hast Du oft Muskelkr\u00e4mpfe?<\/label>\n    <label><input type=\"checkbox\" name=\"q29\" value=\"1\" class=\"checkbox\"> Hast Du morgens Schwierigkeiten, Dich zu bewegen?<\/label>\n    <label><input type=\"checkbox\" name=\"q30\" value=\"1\" class=\"checkbox\"> Leidest Du h\u00e4ufig unter R\u00fcckenschmerzen?<\/label>\n<\/div>\n\n <!-- Kategorie: Gesunde Haut \/ Antiaging -->\n<h2>Gesunde Haut \/ Anti-Aging<\/h2>\n<div class=\"checkbox-group\">\n    <label><input type=\"checkbox\" name=\"q31\" value=\"1\" class=\"checkbox\"> Zeigt Deine Haut erste Alterserscheinungen?<\/label>\n    <label><input type=\"checkbox\" name=\"q32\" value=\"1\" class=\"checkbox\"> Leidet Deine Haut unter Spannungsgef\u00fchl?<\/label>\n    <label><input type=\"checkbox\" name=\"q33\" value=\"1\" class=\"checkbox\"> Hast Du \u00f6fter Juckreiz an der Haut?<\/label>\n    <label><input type=\"checkbox\" name=\"q34\" value=\"1\" class=\"checkbox\"> Zeigt Deine Haut Pigmentflecken?<\/label>\n    <label><input type=\"checkbox\" name=\"q35\" value=\"1\" class=\"checkbox\"> Reagiert Deine Haut empfindlich auf K\u00e4lte oder Hitze?<\/label>\n    <label><input type=\"checkbox\" name=\"q36\" value=\"1\" class=\"checkbox\"> Arbeitest Du viel am Computer?<\/label>\n    <label><input type=\"checkbox\" name=\"q37\" value=\"1\" class=\"checkbox\"> Neigt Deine Haut zu Unreinheiten?<\/label>\n    <label><input type=\"checkbox\" name=\"q38\" value=\"1\" class=\"checkbox\"> Neigst Du zu blauen Flecken?<\/label>\n    <label><input type=\"checkbox\" name=\"q39\" value=\"1\" class=\"checkbox\"> Hast Du h\u00e4ufig fettige Haut oder Haare?<\/label>\n    <label><input type=\"checkbox\" name=\"q40\" value=\"1\" class=\"checkbox\"> Neigt Deine Haut zu Spannkraftverlust?<\/label>\n<\/div>\n\n<!-- Kategorie: Immunsystem - Zellschutz - Allergien -->\n<h2>Immunsystem - Zellschutz - Allergien<\/h2>\n<div class=\"checkbox-group\">\n    <label><input type=\"checkbox\" name=\"q41\" value=\"1\" class=\"checkbox\"> Leidest Du h\u00e4ufig unter Erk\u00e4ltungen?<\/label>\n    <label><input type=\"checkbox\" name=\"q42\" value=\"1\" class=\"checkbox\"> Hast Du Allergien?<\/label>\n    <label><input type=\"checkbox\" name=\"q43\" value=\"1\" class=\"checkbox\"> Leidest Du unter Hautausschl\u00e4gen?<\/label>\n    <label><input type=\"checkbox\" name=\"q44\" value=\"1\" class=\"checkbox\"> Hast Du h\u00e4ufig Fieberblasen (Herpes)?<\/label>\n    <label><input type=\"checkbox\" name=\"q45\" value=\"1\" class=\"checkbox\"> Leidest Du unter h\u00e4ufigem Juckreiz (Augen, Haut)?<\/label>\n    <label><input type=\"checkbox\" name=\"q46\" value=\"1\" class=\"checkbox\"> Hast Du manchmal Entz\u00fcndungen im Magen?<\/label>\n    <label><input type=\"checkbox\" name=\"q47\" value=\"1\" class=\"checkbox\"> Leidest Du h\u00e4ufig an M\u00fcdigkeit?<\/label>\n    <label><input type=\"checkbox\" name=\"q48\" value=\"1\" class=\"checkbox\"> Bist Du oft ersch\u00f6pft nach kleinen Belastungen?<\/label>\n    <label><input type=\"checkbox\" name=\"q49\" value=\"1\" class=\"checkbox\"> Reagierst Du auf Lebensmittelunvertr\u00e4glichkeiten?<\/label>\n    <label><input type=\"checkbox\" name=\"q50\" value=\"1\" class=\"checkbox\"> Hast Du h\u00e4ufig Kopfschmerzen?<\/label>\n<\/div>\n\n<!-- Kategorie: Nervenst\u00e4rkung -->\n<h2>Nervenst\u00e4rkung<\/h2>\n<div class=\"checkbox-group\">\n    <label><input type=\"checkbox\" name=\"q51\" value=\"1\" class=\"checkbox\"> F\u00fchlst Du Dich oft nerv\u00f6s oder gestresst?<\/label>\n    <label><input type=\"checkbox\" name=\"q52\" value=\"1\" class=\"checkbox\"> Leidest Du unter Konzentrationsschwierigkeiten?<\/label>\n    <label><input type=\"checkbox\" name=\"q53\" value=\"1\" class=\"checkbox\"> Wechselt Deine Stimmung h\u00e4ufig?<\/label>\n    <label><input type=\"checkbox\" name=\"q54\" value=\"1\" class=\"checkbox\"> F\u00e4llt es Dir schwer, Dich zu entspannen?<\/label>\n    <label><input type=\"checkbox\" name=\"q55\" value=\"1\" class=\"checkbox\"> Greifst Du oft zu S\u00fc\u00dfigkeiten bei Stress?<\/label>\n    <label><input type=\"checkbox\" name=\"q56\" value=\"1\" class=\"checkbox\"> F\u00fchlst Du Dich schnell ersch\u00f6pft?<\/label>\n    <label><input type=\"checkbox\" name=\"q57\" value=\"1\" class=\"checkbox\"> Hast Du oft Stimmungsschwankungen?<\/label>\n    <label><input type=\"checkbox\" name=\"q58\" value=\"1\" class=\"checkbox\"> Bist Du oft reizbar und ungeduldig?<\/label>\n    <label><input type=\"checkbox\" name=\"q59\" value=\"1\" class=\"checkbox\"> Leidest Du unter Schlafproblemen?<\/label>\n    <label><input type=\"checkbox\" name=\"q60\" value=\"1\" class=\"checkbox\"> Hast Du Schwierigkeiten, Dich auf eine Aufgabe zu konzentrieren?<\/label>\n<\/div>\n\n<!-- Kategorie: Schlaf -->\n<h2>Schlaf<\/h2>\n<div class=\"checkbox-group\">\n    <label><input type=\"checkbox\" name=\"q61\" value=\"1\" class=\"checkbox\"> Hast Du Schwierigkeiten beim Einschlafen (l\u00e4nger als 15 Minuten)?<\/label>\n    <label><input type=\"checkbox\" name=\"q62\" value=\"1\" class=\"checkbox\"> Wachst Du nachts h\u00e4ufig auf und hast Probleme, wieder einzuschlafen?<\/label>\n    <label><input type=\"checkbox\" name=\"q63\" value=\"1\" class=\"checkbox\"> F\u00fchlst Du Dich morgens m\u00fcde, obwohl Du ausreichend geschlafen hast?<\/label>\n    <label><input type=\"checkbox\" name=\"q64\" value=\"1\" class=\"checkbox\"> Leidest Du h\u00e4ufig unter belastenden Tr\u00e4umen oder Albtr\u00e4umen?<\/label>\n    <label><input type=\"checkbox\" name=\"q65\" value=\"1\" class=\"checkbox\"> Brauchst Du Schlaftabletten, um einzuschlafen?<\/label>\n    <label><input type=\"checkbox\" name=\"q66\" value=\"1\" class=\"checkbox\"> Leidest Du nachts unter Schwei\u00dfattacken oder Hitzewallungen?<\/label>\n    <label><input type=\"checkbox\" name=\"q67\" value=\"1\" class=\"checkbox\"> F\u00fchlst Du Dich durch schlechte Schlafqualit\u00e4t gereizt und unruhig?<\/label>\n    <label><input type=\"checkbox\" name=\"q68\" value=\"1\" class=\"checkbox\"> F\u00fchlst Du Dich tags\u00fcber m\u00fcde, obwohl Du ausreichend geschlafen hast?<\/label>\n    <label><input type=\"checkbox\" name=\"q69\" value=\"1\" class=\"checkbox\"> Hast Du Schwierigkeiten, abends zur Ruhe zu kommen?<\/label>\n    <label><input type=\"checkbox\" name=\"q70\" value=\"1\" class=\"checkbox\"> Brauchst Du morgens lange, um richtig wach zu werden?<\/label>\n<\/div>\n\n<!-- Kategorie: Wor\u00fcber Frauen nicht gerne sprechen -->\n<h2>Wor\u00fcber Frauen nicht gerne sprechen<\/h2>\n<div class=\"checkbox-group\">\n    <label><input type=\"checkbox\" name=\"q71\" value=\"1\" class=\"checkbox\"> Leidest Du unter Regelschmerzen oder Menstruationsbeschwerden?<\/label>\n    <label><input type=\"checkbox\" name=\"q72\" value=\"1\" class=\"checkbox\"> F\u00fchlst Du Dich w\u00e4hrend der Menstruation m\u00fcde oder ersch\u00f6pft?<\/label>\n    <label><input type=\"checkbox\" name=\"q73\" value=\"1\" class=\"checkbox\"> Leidest Du unter Hitzewallungen oder Schwei\u00dfausbr\u00fcchen?<\/label>\n    <label><input type=\"checkbox\" name=\"q74\" value=\"1\" class=\"checkbox\"> Hast Du eine Blasenschw\u00e4che oder Harnverhalt?<\/label>\n    <label><input type=\"checkbox\" name=\"q75\" value=\"1\" class=\"checkbox\"> Leidest Du nachts unter starken Schwei\u00dfattacken?<\/label>\n    <label><input type=\"checkbox\" name=\"q76\" value=\"1\" class=\"checkbox\"> Hast Du Schwierigkeiten, durchzuschlafen?<\/label>\n    <label><input type=\"checkbox\" name=\"q77\" value=\"1\" class=\"checkbox\"> Neigst Du zu Spannkraftverlust der Haut oder Haarausfall?<\/label>\n    <label><input type=\"checkbox\" name=\"q78\" value=\"1\" class=\"checkbox\"> Hast Du oft Stimmungsschwankungen?<\/label>\n    <label><input type=\"checkbox\" name=\"q79\" value=\"1\" class=\"checkbox\"> F\u00e4llt es Dir schwer, Dein Gewicht zu halten?<\/label>\n    <label><input type=\"checkbox\" name=\"q80\" value=\"1\" class=\"checkbox\"> Leidest Du unter Herzrasen oder Herzstolpern?<\/label>\n<\/div>\n\n<!-- Kategorie: Wor\u00fcber M\u00e4nner nicht gerne sprechen -->\n<h2>Wor\u00fcber M\u00e4nner nicht gerne sprechen<\/h2>\n<div class=\"checkbox-group\">\n    <label><input type=\"checkbox\" name=\"q81\" value=\"1\" class=\"checkbox\"> Hast Du Schwierigkeiten beim Wasserlassen?<\/label>\n    <label><input type=\"checkbox\" name=\"q82\" value=\"1\" class=\"checkbox\"> Leidest Du unter Harnverhalt oder Blasenschw\u00e4che?<\/label>\n    <label><input type=\"checkbox\" name=\"q83\" value=\"1\" class=\"checkbox\"> Hast Du Erektionsprobleme?<\/label>\n    <label><input type=\"checkbox\" name=\"q84\" value=\"1\" class=\"checkbox\"> Leidest Du unter n\u00e4chtlichen Schwei\u00dfattacken?<\/label>\n    <label><input type=\"checkbox\" name=\"q85\" value=\"1\" class=\"checkbox\"> F\u00fchlst Du Dich schnell m\u00fcde oder ersch\u00f6pft?<\/label>\n    <label><input type=\"checkbox\" name=\"q86\" value=\"1\" class=\"checkbox\"> Hast Du das Gef\u00fchl, nicht mehr so leistungsf\u00e4hig zu sein wie fr\u00fcher?<\/label>\n    <label><input type=\"checkbox\" name=\"q87\" value=\"1\" class=\"checkbox\"> Leidest Du unter Beschwerden im unteren R\u00fccken oder Beckenbereich?<\/label>\n    <label><input type=\"checkbox\" name=\"q88\" value=\"1\" class=\"checkbox\"> F\u00fchlst Du Dich emotional instabil oder erlebst h\u00e4ufig Stimmungsschwankungen?<\/label>\n    <label><input type=\"checkbox\" name=\"q89\" value=\"1\" class=\"checkbox\"> F\u00e4llt es Dir schwer, Dein Gewicht zu halten oder abzunehmen?<\/label>\n    <label><input type=\"checkbox\" name=\"q90\" value=\"1\" class=\"checkbox\"> Hast Du Beschwerden beim oder nach dem Geschlechtsverkehr?<\/label>\n<\/div>\n\n<!-- Button zum Ergebnis anzeigen -->\n<button id=\"show-results-btn\" type=\"button\" onclick=\"showResults()\">Ergebnis anzeigen<\/button>\n<!-- Reset-Button -->\n<button id=\"form-reset-btn\" type=\"button\" onclick=\"resetForm()\">Formular zur\u00fccksetzen<\/button>\n<\/form>\n\n<!-- Chart-Container f\u00fcr das Diagramm -->\n<div id=\"chart-container\">\n    <canvas id=\"result-chart\" width=\"800\" height=\"400\"><\/canvas>\n<\/div>\n\n<!-- Buttons zum Drucken, PDF-Erstellen -->\n<div id=\"print-pdf-buttons\" style=\"display:none;\">\n    <button type=\"button\" onclick=\"printResults()\">Ergebnis drucken<\/button>\n    <button type=\"button\" onclick=\"generatePDF()\">PDF erstellen<\/button>\n<\/div>\n\n<script>\n    let chartInstance = null;  \/\/ Globale Variable f\u00fcr das Diagramm\n\n    \/\/ Funktion zum Z\u00e4hlen der Checkboxen f\u00fcr eine Kategorie\n    function countChecked(checkboxNames) {\n        let count = 0;\n        checkboxNames.forEach(name => {\n            count += document.querySelectorAll(`input[name=\"${name}\"]:checked`).length;\n        });\n        return count;\n    }\n\n    \/\/ Funktion zum Anzeigen des Diagramms\n    function showResults() {\n        \/\/ Z\u00e4hle die ausgew\u00e4hlten Checkboxen pro Kategorie\n        const mentalFitnessScore = countChecked(['q1', 'q2', 'q3', 'q4', 'q5', 'q6', 'q7', 'q8', 'q9', 'q10']);\n        const gutHealthScore = countChecked(['q11', 'q12', 'q13', 'q14', 'q15', 'q16', 'q17', 'q18', 'q19', 'q20']);\n        const muscleJointScore = countChecked(['q21', 'q22', 'q23', 'q24', 'q25', 'q26', 'q27', 'q28', 'q29', 'q30']);\n        const skinHealthScore = countChecked(['q31', 'q32', 'q33', 'q34', 'q35', 'q36', 'q37', 'q38', 'q39', 'q40']);\n        const immuneSystemScore = countChecked(['q41', 'q42', 'q43', 'q44', 'q45', 'q46', 'q47', 'q48', 'q49', 'q50']);\n        const nerveStrengthScore = countChecked(['q51', 'q52', 'q53', 'q54', 'q55', 'q56', 'q57', 'q58', 'q59', 'q60']);\n        const sleepScore = countChecked(['q61', 'q62', 'q63', 'q64', 'q65', 'q66', 'q67', 'q68', 'q69', 'q70']);\n        const womenIssuesScore = countChecked(['q71', 'q72', 'q73', 'q74', 'q75', 'q76', 'q77', 'q78', 'q79', 'q80']);\n        const menIssuesScore = countChecked(['q81', 'q82', 'q83', 'q84', 'q85', 'q86', 'q87', 'q88', 'q89', 'q90']);\n        \n        \/\/ Setze die Diagrammdaten mit allen Kategorien\n        const chartData = [\n            mentalFitnessScore,    \/\/ Geistige Fitness\n            gutHealthScore,        \/\/ Darmgesundheit\n            muscleJointScore,      \/\/ Muskeln, Gelenke\n            skinHealthScore,       \/\/ Gesunde Haut \/ Anti-Aging\n            immuneSystemScore,     \/\/ Immunsystem - Zellschutz - Allergien\n            nerveStrengthScore,    \/\/ Nervenst\u00e4rkung\n            sleepScore,            \/\/ Schlaf\n            womenIssuesScore,      \/\/ Wor\u00fcber Frauen nicht gerne sprechen\n            menIssuesScore         \/\/ Wor\u00fcber M\u00e4nner nicht gerne sprechen\n        ];\n\n        \/\/ Labels f\u00fcr das Diagramm\n        const chartLabels = [\n            'Geistige Fitness', \n            'Darmgesundheit', \n            'Muskeln, Gelenke', \n            'Gesunde Haut', \n            'Immunsystem', \n            'Nervenst\u00e4rkung', \n            'Schlaf', \n            'Frauenthemen', \n            'M\u00e4nnerthemen'\n        ];\n\n        document.getElementById('chart-container').style.display = 'block';\n        document.getElementById('print-pdf-buttons').style.display = 'block';\n\n        const ctx = document.getElementById('result-chart').getContext('2d');\n        \n        \/\/ Zerst\u00f6re das alte Diagramm, wenn es existiert\n        if (chartInstance !== null) {\n            chartInstance.destroy();\n        }\n\n        \/\/ Neues Diagramm erstellen\n        chartInstance = new Chart(ctx, {\n            type: 'bar',\n            data: {\n                labels: chartLabels,\n                datasets: [{\n                    label: 'Punkte',\n                    data: chartData,\n                    backgroundColor: 'rgba(198, 181, 160, 0.8)',\n                    borderColor: '#C6B5A0',\n                    borderWidth: 1\n                }]\n            },\n            options: {\n                maintainAspectRatio: false,\n                scales: {\n                    y: {\n                        beginAtZero: true,\n                        max: 10,\n                        ticks: {\n                            stepSize: 1\n                        }\n                    }\n                }\n            }\n        });\n    }\n\n    \/\/ Funktion zum Zur\u00fccksetzen des Formulars und des Diagramms\n    function resetForm() {\n        \/\/ Setze das Formular zur\u00fcck\n        document.getElementById('questionnaire-form').reset();\n\n        \/\/ Verstecke das Diagramm und die Buttons\n        document.getElementById('chart-container').style.display = 'none';\n        document.getElementById('print-pdf-buttons').style.display = 'none';\n\n        \/\/ Zerst\u00f6re das vorhandene Diagramm\n        if (chartInstance !== null) {\n            chartInstance.destroy();\n            chartInstance = null;  \/\/ Setze das Diagramm-Objekt zur\u00fcck\n        }\n\n        \/\/ Um sicherzustellen, dass das Canvas wirklich komplett neu ist:\n        const canvas = document.getElementById('result-chart');\n        const ctx = canvas.getContext('2d');\n        ctx.clearRect(0, 0, canvas.width, canvas.height);\n\n        \/\/ Hier wirklich neu initialisieren:\n        canvas.width = canvas.width;  \/\/ Setze das Canvas-Element zur\u00fcck\n    }\n\n    function printResults() {\n        window.print();\n    }\n\n    function generatePDF() {\n        var element = document.getElementById('chart-container');\n        var opt = {\n            margin: 0.5,\n            filename: 'ergebnis.pdf',\n            image: { type: 'jpeg', quality: 0.98 },\n            html2canvas: { scale: 2 },\n            jsPDF: { unit: 'in', format: 'letter', orientation: 'portrait' }\n        };\n        html2pdf().from(element).set(opt).save();\n    }\n<\/script>\n\n<\/body>\n<\/html>\t\t\t\t<\/div>\n\t\t\t\t<\/div>\n\t\t\t\t\t<\/div>\n\t\t\t\t<\/div>\n\t\t\t\t<\/div>\n\t\t","protected":false},"excerpt":{"rendered":"<p>Fragebogen Ergebnis Formular zur\u00fccksetzen Pers\u00f6nliche Angaben Name: Alter: Raucher Ja Nein Ern\u00e4hrung Mischkost Vegetarier Veganer Andere Formen Bewegungsgewohnheiten Selten (weniger als 1x\/Woche) Gelegentlich (1-2x\/Woche) Regelm\u00e4\u00dfig&hellip;<\/p>","protected":false},"author":2,"featured_media":0,"parent":0,"menu_order":0,"comment_status":"closed","ping_status":"closed","template":"","meta":{"footnotes":""},"class_list":["post-7628","page","type-page","status-publish","hentry"],"_links":{"self":[{"href":"https:\/\/your-business-coaching.eu\/en\/wp-json\/wp\/v2\/pages\/7628","targetHints":{"allow":["GET"]}}],"collection":[{"href":"https:\/\/your-business-coaching.eu\/en\/wp-json\/wp\/v2\/pages"}],"about":[{"href":"https:\/\/your-business-coaching.eu\/en\/wp-json\/wp\/v2\/types\/page"}],"author":[{"embeddable":true,"href":"https:\/\/your-business-coaching.eu\/en\/wp-json\/wp\/v2\/users\/2"}],"replies":[{"embeddable":true,"href":"https:\/\/your-business-coaching.eu\/en\/wp-json\/wp\/v2\/comments?post=7628"}],"version-history":[{"count":0,"href":"https:\/\/your-business-coaching.eu\/en\/wp-json\/wp\/v2\/pages\/7628\/revisions"}],"wp:attachment":[{"href":"https:\/\/your-business-coaching.eu\/en\/wp-json\/wp\/v2\/media?parent=7628"}],"curies":[{"name":"wp","href":"https:\/\/api.w.org\/{rel}","templated":true}]}}